{"id":11,"date":"2018-12-02T16:20:51","date_gmt":"2018-12-02T14:20:51","guid":{"rendered":"http:\/\/sammakot.com\/new\/?page_id=11"},"modified":"2023-07-27T20:59:24","modified_gmt":"2023-07-27T17:59:24","slug":"sammakot-ry","status":"publish","type":"page","link":"https:\/\/sammakot.com\/new\/sammakot-ry\/","title":{"rendered":"Sammakot"},"content":{"rendered":"\n<p class=\"has-background has-small-font-size has-very-light-gray-background-color\"> <a href=\"http:\/\/sammakot.com\/new\/sammakot-ry\/jaseneksi\/\">J\u00e4seneksi<\/a> | <a href=\"http:\/\/sammakot.com\/new\/sammakot-ry\/johtokunta\/\">Organisaatio ja yhteystiedot<\/a><\/p>\n\n\n\n<p>Sammakot ry on 1968 perustettu Sukeltajaliiton alainen seura. Olemme aktiivinen koko perheen sukellusseura. Seurassamme harrastetaan laite-, snorkkeli- ja vapaasukellusta. Osallistumme vapaaehtoisen pelastuspalvelun toimintaan. Junnutoiminnassamme kouluik\u00e4iset lapset p\u00e4\u00e4sev\u00e4t mukaan hauskaan ja turvalliseen vesiharrastukseen. J\u00e4senm\u00e4\u00e4r\u00e4mme on 180 tienoilla.<\/p>\n","protected":false},"excerpt":{"rendered":"<p>Sammakot ry on 1968 perustettu Sukeltajaliiton alainen seura. Olemme aktiivinen koko perheen sukellusseura. Seurassamme harrastetaan laite-, snorkkeli- ja vapaasukellusta. Osallistumme vapaaehtoisen pelastuspalvelun toimintaan. Junnutoiminnassamme kouluik\u00e4iset lapset p\u00e4\u00e4sev\u00e4t mukaan hauskaan ja &hellip; <\/p>\n<p class=\"link-more\"><a href=\"https:\/\/sammakot.com\/new\/sammakot-ry\/\" class=\"more-link\">Jatka lukemista<span class=\"screen-reader-text\"> &#8221;Sammakot&#8221;<\/span><\/a><\/p>\n","protected":false},"author":2,"featured_media":0,"parent":0,"menu_order":0,"comment_status":"closed","ping_status":"closed","template":"","meta":{"footnotes":""},"class_list":["post-11","page","type-page","status-publish","hentry"],"_links":{"self":[{"href":"https:\/\/sammakot.com\/new\/wp-json\/wp\/v2\/pages\/11","targetHints":{"allow":["GET"]}}],"collection":[{"href":"https:\/\/sammakot.com\/new\/wp-json\/wp\/v2\/pages"}],"about":[{"href":"https:\/\/sammakot.com\/new\/wp-json\/wp\/v2\/types\/page"}],"author":[{"embeddable":true,"href":"https:\/\/sammakot.com\/new\/wp-json\/wp\/v2\/users\/2"}],"replies":[{"embeddable":true,"href":"https:\/\/sammakot.com\/new\/wp-json\/wp\/v2\/comments?post=11"}],"version-history":[{"count":13,"href":"https:\/\/sammakot.com\/new\/wp-json\/wp\/v2\/pages\/11\/revisions"}],"predecessor-version":[{"id":661,"href":"https:\/\/sammakot.com\/new\/wp-json\/wp\/v2\/pages\/11\/revisions\/661"}],"wp:attachment":[{"href":"https:\/\/sammakot.com\/new\/wp-json\/wp\/v2\/media?parent=11"}],"curies":[{"name":"wp","href":"https:\/\/api.w.org\/{rel}","templated":true}]}}