{"id":219,"date":"2018-12-03T14:07:29","date_gmt":"2018-12-03T12:07:29","guid":{"rendered":"http:\/\/sammakot.com\/new\/?page_id=219"},"modified":"2018-12-03T14:15:16","modified_gmt":"2018-12-03T12:15:16","slug":"viikkosukellukset","status":"publish","type":"page","link":"https:\/\/sammakot.com\/new\/toiminta\/viikkosukellukset\/","title":{"rendered":"Viikkosukellukset"},"content":{"rendered":"\n<p class=\"has-background has-text-align-center has-small-font-size has-very-light-gray-background-color\"><a href=\"http:\/\/sammakot.com\/new\/toiminta\/sukelluskoulutus\/\">Sukelluskoulutus<\/a> | <a href=\"http:\/\/sammakot.com\/new\/toiminta\/junnut\/\">Junnut<\/a> | <a href=\"http:\/\/sammakot.com\/new\/toiminta\/sukelluskohteet\/\">Sukelluskohteet<\/a>\u00a0| <a href=\"https:\/\/sammakot.com\/new\/toiminta\/viikkosukellukset\/\">Viikkosukellukset <\/a>| <a href=\"http:\/\/sammakot.com\/new\/toiminta\/uimahalli\/\">Uimahalli<\/a> | <a href=\"http:\/\/sammakot.com\/new\/toiminta\/seuran-tilat-ja-kalusto\/\">Tilat ja kalusto<\/a> | <a href=\"http:\/\/sammakot.com\/new\/toiminta\/leirit\/\">Leirit<\/a> <\/p>\n\n\n\n<p>Viikkosukellukset j\u00e4rjestet\u00e4\u00e4n p\u00e4\u00e4s\u00e4\u00e4nt\u00f6isesti keskiviikkoisin. Mukaan ovat tervetulleita kaikki seuran j\u00e4senet ja kaikki muutkin sukeltajat. Sukelluksista tiedotetaan t\u00e4ll\u00e4 sivulla sek\u00e4 seuran s\u00e4hk\u00f6postilistalla. <\/p>\n\n\n\n<p><strong>Tervetuloa mukaan!<\/strong><\/p>\n\n\n\n<p><a href=\"https:\/\/sammakot.com\/new\/viikkosukelluksen-jarjestaminen\/\">Haluatko j\u00e4rjest\u00e4\u00e4 viikkosukelluksen?<\/a><\/p>\n","protected":false},"excerpt":{"rendered":"<p>Viikkosukellukset j\u00e4rjestet\u00e4\u00e4n p\u00e4\u00e4s\u00e4\u00e4nt\u00f6isesti keskiviikkoisin. Mukaan ovat tervetulleita kaikki seuran j\u00e4senet ja kaikki muutkin sukeltajat. Sukelluksista tiedotetaan t\u00e4ll\u00e4 sivulla sek\u00e4 seuran s\u00e4hk\u00f6postilistalla. Tervetuloa mukaan! Haluatko j\u00e4rjest\u00e4\u00e4 viikkosukelluksen?<\/p>\n","protected":false},"author":2,"featured_media":0,"parent":13,"menu_order":0,"comment_status":"closed","ping_status":"closed","template":"","meta":{"footnotes":""},"class_list":["post-219","page","type-page","status-publish","hentry"],"_links":{"self":[{"href":"https:\/\/sammakot.com\/new\/wp-json\/wp\/v2\/pages\/219","targetHints":{"allow":["GET"]}}],"collection":[{"href":"https:\/\/sammakot.com\/new\/wp-json\/wp\/v2\/pages"}],"about":[{"href":"https:\/\/sammakot.com\/new\/wp-json\/wp\/v2\/types\/page"}],"author":[{"embeddable":true,"href":"https:\/\/sammakot.com\/new\/wp-json\/wp\/v2\/users\/2"}],"replies":[{"embeddable":true,"href":"https:\/\/sammakot.com\/new\/wp-json\/wp\/v2\/comments?post=219"}],"version-history":[{"count":4,"href":"https:\/\/sammakot.com\/new\/wp-json\/wp\/v2\/pages\/219\/revisions"}],"predecessor-version":[{"id":226,"href":"https:\/\/sammakot.com\/new\/wp-json\/wp\/v2\/pages\/219\/revisions\/226"}],"up":[{"embeddable":true,"href":"https:\/\/sammakot.com\/new\/wp-json\/wp\/v2\/pages\/13"}],"wp:attachment":[{"href":"https:\/\/sammakot.com\/new\/wp-json\/wp\/v2\/media?parent=219"}],"curies":[{"name":"wp","href":"https:\/\/api.w.org\/{rel}","templated":true}]}}