{"id":32,"date":"2018-12-02T16:56:33","date_gmt":"2018-12-02T14:56:33","guid":{"rendered":"http:\/\/sammakot.com\/new\/?page_id=32"},"modified":"2023-01-23T22:10:11","modified_gmt":"2023-01-23T20:10:11","slug":"kokeile-sukellusta","status":"publish","type":"page","link":"https:\/\/sammakot.com\/new\/kokeile-sukellusta\/","title":{"rendered":"Kokeile sukellusta"},"content":{"rendered":"\n<p>Haluatko kokeilla sukellusta turvallisesti ja ohjatusti? Ota yhteytt\u00e4! <br>Tarvitset vain uikkarin ja t-paidan, muut v\u00e4lineet saa lainaan seuralta.<\/p>\n\n\n\n<p>Laitesukelluskokeilu: Jouni Hirvonen, <br>intro (at) sammakot.com<br><br>Vapaasukelluskokeilu: Jussi Juntunen, <br>vapaasukellus (at) sammakot.com<\/p>\n\n\n\n<p><\/p>\n\n\n\n<p><\/p>\n\n\n\n<p> &#8221;Tee paras p\u00e4\u00e4t\u00f6s &#8211; Ala sukeltaa&#8221;  katso Sukeltajaliiton video <\/p>\n\n\n\n<iframe loading=\"lazy\" src=\"https:\/\/www.youtube.com\/embed\/DBjmOCGWygk\" allow=\"accelerometer; autoplay; encrypted-media; gyroscope; picture-in-picture\" allowfullscreen=\"\" width=\"1385\" height=\"779\" frameborder=\"0\"><\/iframe>\n","protected":false},"excerpt":{"rendered":"<p>Haluatko kokeilla sukellusta turvallisesti ja ohjatusti? Ota yhteytt\u00e4! Tarvitset vain uikkarin ja t-paidan, muut v\u00e4lineet saa lainaan seuralta. Laitesukelluskokeilu: Jouni Hirvonen, intro (at) sammakot.com Vapaasukelluskokeilu: Jussi Juntunen, vapaasukellus (at) sammakot.com &hellip; <\/p>\n<p class=\"link-more\"><a href=\"https:\/\/sammakot.com\/new\/kokeile-sukellusta\/\" class=\"more-link\">Jatka lukemista<span class=\"screen-reader-text\"> &#8221;Kokeile sukellusta&#8221;<\/span><\/a><\/p>\n","protected":false},"author":2,"featured_media":0,"parent":0,"menu_order":0,"comment_status":"closed","ping_status":"closed","template":"","meta":{"footnotes":""},"class_list":["post-32","page","type-page","status-publish","hentry"],"_links":{"self":[{"href":"https:\/\/sammakot.com\/new\/wp-json\/wp\/v2\/pages\/32","targetHints":{"allow":["GET"]}}],"collection":[{"href":"https:\/\/sammakot.com\/new\/wp-json\/wp\/v2\/pages"}],"about":[{"href":"https:\/\/sammakot.com\/new\/wp-json\/wp\/v2\/types\/page"}],"author":[{"embeddable":true,"href":"https:\/\/sammakot.com\/new\/wp-json\/wp\/v2\/users\/2"}],"replies":[{"embeddable":true,"href":"https:\/\/sammakot.com\/new\/wp-json\/wp\/v2\/comments?post=32"}],"version-history":[{"count":36,"href":"https:\/\/sammakot.com\/new\/wp-json\/wp\/v2\/pages\/32\/revisions"}],"predecessor-version":[{"id":634,"href":"https:\/\/sammakot.com\/new\/wp-json\/wp\/v2\/pages\/32\/revisions\/634"}],"wp:attachment":[{"href":"https:\/\/sammakot.com\/new\/wp-json\/wp\/v2\/media?parent=32"}],"curies":[{"name":"wp","href":"https:\/\/api.w.org\/{rel}","templated":true}]}}