{"id":52,"date":"2018-12-02T17:58:41","date_gmt":"2018-12-02T15:58:41","guid":{"rendered":"http:\/\/sammakot.com\/new\/?page_id=52"},"modified":"2023-01-23T22:05:53","modified_gmt":"2023-01-23T20:05:53","slug":"sukelluskoulutus","status":"publish","type":"page","link":"https:\/\/sammakot.com\/new\/toiminta\/sukelluskoulutus\/","title":{"rendered":"Koulutus"},"content":{"rendered":"\n<h2 class=\"wp-block-heading\">Sukelluskoulutus<\/h2>\n\n\n\n<p>J\u00e4rjest\u00e4mme Sukeltajaliiton alaista kansainv\u00e4lisen CMAS-j\u00e4rjestelm\u00e4n mukaista snorkkeli- ja laitesukelluskoulutusta. <\/p>\n\n\n\n<p>Laitesukelluksen peruskurssi j\u00e4rjestet\u00e4\u00e4n kev\u00e4\u00e4ll\u00e4 ennen avovesikauden alkua. Syyspuolella pidet\u00e4\u00e4n jatkokursseja j\u00e4senist\u00f6n tarpeen mukaisesti.<\/p>\n\n\n\n<h2 class=\"wp-block-heading\">Ensiapukoulutus<\/h2>\n\n\n\n<p>J\u00e4rjest\u00e4mme sukellusharrastuksen tueksi Divers&#8217; Alert Network <a href=\"https:\/\/www.daneurope.org\/fi\/koulutus\" target=\"_blank\" rel=\"noreferrer noopener\">DANin ensiapukursseja.<\/a> Seurallamme on oma DAN-kouluttaja.<\/p>\n\n\n\n<h2 class=\"wp-block-heading\">Vapepa-koulutus<\/h2>\n\n\n\n<p>Vapaaehtoisen pelastuspalvelun sukelluskoulutukset j\u00e4rjest\u00e4\u00e4 Sukeltajaliitto. <\/p>\n\n\n\n<h2 class=\"wp-block-heading\">Yhteystiedot<\/h2>\n\n\n\n<p>Laitesukelluskokeilut Jouni Hirvonen, <br>intro (at) sammakot.com<br><br>Laitesukelluskurssit Janne Pietik\u00e4inen, <br>koulutus (at )sammakot.com<br><br>Vapaasukelluskokeilut Jussi Juntunen, <br>vapaasukellus (at) sammakot.com<br><br>Snorkkelisukelluskoulutus ja -kokeilut, <br>juniorit (at) sammakot.com<br><br>DAN ensiapukoulutukset Anna-Mari Saarikoski,  <br>dan (at) sammakot.com <\/p>\n","protected":false},"excerpt":{"rendered":"<p>Sukelluskoulutus J\u00e4rjest\u00e4mme Sukeltajaliiton alaista kansainv\u00e4lisen CMAS-j\u00e4rjestelm\u00e4n mukaista snorkkeli- ja laitesukelluskoulutusta. Laitesukelluksen peruskurssi j\u00e4rjestet\u00e4\u00e4n kev\u00e4\u00e4ll\u00e4 ennen avovesikauden alkua. Syyspuolella pidet\u00e4\u00e4n jatkokursseja j\u00e4senist\u00f6n tarpeen mukaisesti. Ensiapukoulutus J\u00e4rjest\u00e4mme sukellusharrastuksen tueksi Divers&#8217; Alert Network &hellip; <\/p>\n<p class=\"link-more\"><a href=\"https:\/\/sammakot.com\/new\/toiminta\/sukelluskoulutus\/\" class=\"more-link\">Jatka lukemista<span class=\"screen-reader-text\"> &#8221;Koulutus&#8221;<\/span><\/a><\/p>\n","protected":false},"author":2,"featured_media":0,"parent":13,"menu_order":0,"comment_status":"closed","ping_status":"closed","template":"","meta":{"footnotes":""},"class_list":["post-52","page","type-page","status-publish","hentry"],"_links":{"self":[{"href":"https:\/\/sammakot.com\/new\/wp-json\/wp\/v2\/pages\/52","targetHints":{"allow":["GET"]}}],"collection":[{"href":"https:\/\/sammakot.com\/new\/wp-json\/wp\/v2\/pages"}],"about":[{"href":"https:\/\/sammakot.com\/new\/wp-json\/wp\/v2\/types\/page"}],"author":[{"embeddable":true,"href":"https:\/\/sammakot.com\/new\/wp-json\/wp\/v2\/users\/2"}],"replies":[{"embeddable":true,"href":"https:\/\/sammakot.com\/new\/wp-json\/wp\/v2\/comments?post=52"}],"version-history":[{"count":20,"href":"https:\/\/sammakot.com\/new\/wp-json\/wp\/v2\/pages\/52\/revisions"}],"predecessor-version":[{"id":629,"href":"https:\/\/sammakot.com\/new\/wp-json\/wp\/v2\/pages\/52\/revisions\/629"}],"up":[{"embeddable":true,"href":"https:\/\/sammakot.com\/new\/wp-json\/wp\/v2\/pages\/13"}],"wp:attachment":[{"href":"https:\/\/sammakot.com\/new\/wp-json\/wp\/v2\/media?parent=52"}],"curies":[{"name":"wp","href":"https:\/\/api.w.org\/{rel}","templated":true}]}}