{"id":58,"date":"2018-12-02T18:01:45","date_gmt":"2018-12-02T16:01:45","guid":{"rendered":"http:\/\/sammakot.com\/new\/?page_id=58"},"modified":"2020-07-19T18:45:49","modified_gmt":"2020-07-19T15:45:49","slug":"sukelluskohteet","status":"publish","type":"page","link":"https:\/\/sammakot.com\/new\/toiminta\/sukelluskohteet\/","title":{"rendered":"Sukelluskohteet"},"content":{"rendered":"\n<p class=\"has-background has-text-align-center has-small-font-size has-very-light-gray-background-color\"><a href=\"http:\/\/sammakot.com\/new\/toiminta\/sukelluskoulutus\/\">Sukelluskoulutus<\/a> | <a href=\"http:\/\/sammakot.com\/new\/toiminta\/junnut\/\">Junnut<\/a> | <a href=\"http:\/\/sammakot.com\/new\/toiminta\/sukelluskohteet\/\">Sukelluskohteet<\/a>\u00a0| <a href=\"https:\/\/sammakot.com\/new\/toiminta\/viikkosukellukset\/\">Viikkosukellukset <\/a>| <a href=\"http:\/\/sammakot.com\/new\/toiminta\/uimahalli\/\">Uimahalli<\/a> | <a href=\"http:\/\/sammakot.com\/new\/toiminta\/seuran-tilat-ja-kalusto\/\">Tilat ja kalusto<\/a> | <a href=\"http:\/\/sammakot.com\/new\/toiminta\/leirit\/\">Leirit<\/a> <\/p>\n\n\n\n<h3 class=\"wp-block-heading\"><strong>Asuntoproomu, P\u00e4ij\u00e4nne<\/strong><\/h3>\n\n\n\n<ul class=\"wp-block-list\"><li> <strong>Syvyys:\u00a0<\/strong>12-19m <\/li><li><strong>Vesist\u00f6:<\/strong> P\u00e4ij\u00e4nne<\/li><li><strong>Jyv\u00e4skyl\u00e4st\u00e4:<\/strong> 20 km<\/li><li><strong>Ajo-ohje<\/strong>: Veneell\u00e4 meno<\/li><li><strong>Kuvaus:<\/strong> Asuntoproomu on P\u00e4ij\u00e4nteess\u00e4 S\u00e4yn\u00e4tsalon kupeessa ja sukeltaminen  onnistuu parhaiten veneest\u00e4. Proomu on noin 30 m pitk\u00e4 ja 6 m leve\u00e4.  Keula on 12 metriss\u00e4 ja pohja per\u00e4simen luona 19 metriss\u00e4. Vesi on  tummaa, joten lamppu on v\u00e4ltt\u00e4m\u00e4t\u00f6n. Hylylle laskeutuneen mudan  p\u00f6ll\u00e4ht\u00e4ess\u00e4 vesi muuttuu nopeasti sameaksikin. Proomulla asustelee  muutama matikka, lis\u00e4ksi paikalla voi t\u00f6rm\u00e4t\u00e4 ahveniin ja kiiskiin.  Proomun l\u00e4hist\u00f6ll\u00e4 on my\u00f6s tukkipinoja. Proomun sis\u00e4tiloista kannattaa  pysytell\u00e4 poissa, koska proomu ei ole en\u00e4\u00e4 priimakunnossa. <\/li><\/ul>\n\n\n\n<h3 class=\"wp-block-heading\"><strong>Kultaranta, Muurame<\/strong><\/h3>\n\n\n\n<ul class=\"wp-block-list\"><li><strong>Syvyys:<\/strong>0-6 m <\/li><li><strong>Vesist\u00f6:<\/strong> Muuratj\u00e4rvi<\/li><li><strong>Osoite:\u00a0<\/strong>Kultarannantie 164<\/li><li><strong>Ajo-ohje<\/strong>: Tie rantaan on tukittu kivill\u00e4, joten varusteet joutuu kantamaan 60m p\u00e4\u00e4st\u00e4 <\/li><li><strong>Kuvaus:\u00a0<\/strong>Kultarannassa on eritt\u00e4in  loivasti syvenev\u00e4 hiekkapohjainen ranta. Veteenmeno ja sukeltaminen on  kohteessa on helppoa ja siksi se sopiikin kaikille. My\u00f6s kokeneemmille  sukeltajille kohde on erinomainen paikka esim. suunnistus yms.  harjoitteluun. Muuratj\u00e4rven vesi on P\u00e4ij\u00e4nnett\u00e4 kirkkaampaa eik\u00e4 lamppua  tarvitse.<\/li><\/ul>\n\n\n\n<h3 class=\"wp-block-heading\"><strong>K\u00e4rkinen, Maapuoli<\/strong><\/h3>\n\n\n\n<ul class=\"wp-block-list\"><li> <strong>Syvyys:\u00a0<\/strong>0-36m <\/li><li><strong>Vesist\u00f6:<\/strong> P\u00e4ij\u00e4nne<\/li><li><strong>Jyv\u00e4skyl\u00e4st\u00e4:<\/strong> 32 km<\/li><li><strong>Osoite:<\/strong> Vespuolentie 564, Korpilahti<\/li><li><strong>Ajo-ohje<\/strong>: Jyv\u00e4skyl\u00e4st\u00e4 ysitiet\u00e4 etel\u00e4\u00e4n, kunnes ennen Korpilahtea k\u00e4\u00e4nnyt\u00e4\u00e4n  Neste-huoltoaseman kohdalla vasemmalle Vespuolentielle. T\u00e4t\u00e4 tiet\u00e4 suoraan P\u00e4ij\u00e4nteelle asti  ja juuri ennen K\u00e4rkisten siltaa oikealle ja rantaan. Jyv\u00e4skyl\u00e4st\u00e4 ajaa  n. 30 min.<\/li><li><strong>Kuvaus:\u00a0<\/strong>Kohde soveltuu kaiken tasoisille sukeltajille ja sielt\u00e4 l\u00f6ytyykin  syvyyksi\u00e4 kaikille. K\u00e4rkisiss\u00e4 on sukeltamaan helppo l\u00e4hte\u00e4, koska  autolla p\u00e4\u00e4see aivan rantaan ja veneenlaskupaikalta on helppo l\u00e4hte\u00e4  sukeltamaan. Paikalta it\u00e4\u00e4n l\u00e4hdett\u00e4ess\u00e4 ranta viett\u00e4\u00e4 pitk\u00e4\u00e4n matalasti  3-8 m syvyydess\u00e4 ja t\u00e4ll\u00e4 alueella onkin hyv\u00e4 harjoitella suunnistusta,  opetella tasapainotusta sek\u00e4 bongailla pohjasta erilaista rojua. Etel\u00e4\u00e4n eli sillan alle l\u00e4hdett\u00e4ess\u00e4 ranta syvenee melko jyrk\u00e4sti ja  aivan sillan alla on 5 &#8211; 22m alueella sillan rakennuksen aikana tehty  lohkareinen jyrk\u00e4nne, joka putoaa syvyyksiin. Jyrk\u00e4nteell\u00e4 voi ihailla  jylh\u00e4\u00e4 kivikkoista maisemaa sek\u00e4 n\u00e4hd\u00e4 hienoja ahvenparvia sek\u00e4  matikoita. 22 metrin j\u00e4lkeen jyrk\u00e4nne loivenee hiekka\/mutarinteeksi,  joka syvenee aina syvimmill\u00e4\u00e4n 36 metrin syvyyteen, muuttuen tasaiseksi  aivan salmen keskell\u00e4.  P\u00e4ij\u00e4nne on tummavetinen ja siksi siell\u00e4 tarvitsee lampun n. 10m  syvyydess\u00e4. K\u00e4rkisiss\u00e4 k\u00e4y hienoinen virtaus, joka pit\u00e4\u00e4 veden  kohtuullisen selke\u00e4n\u00e4 huuhtoen menness\u00e4\u00e4n mahdollisen mutap\u00f6llyn. Alle  10 metrin sukelluksia voi tehd\u00e4 hyvin my\u00f6s ilman lamppua. <\/li><\/ul>\n\n\n\n<h3 class=\"wp-block-heading\"><strong>K\u00e4rkinen, Vespuoli<\/strong><\/h3>\n\n\n\n<ul class=\"wp-block-list\"><li> <strong>Syvyys:\u00a0<\/strong>0-36m <\/li><li><strong>Vesist\u00f6:\u00a0<\/strong>P\u00e4ij\u00e4nne<\/li><li><strong>Jyv\u00e4skyl\u00e4st\u00e4:<\/strong> 32 km<\/li><li><strong>Osoite:\u00a0<\/strong>Vespuolentie 680, Korpilahti<\/li><li><strong>Ajo-ohje<\/strong>: Ajettuasi pohjoisesta tullessa sillan ylitse k\u00e4\u00e4nny heti oikealle ja aja rantaan. <\/li><li><strong>Kuvaus:<\/strong> Korpilahden Vespuolella  sukelletaan P\u00e4ij\u00e4nteessa K\u00e4rkisten sillan etel\u00e4puolella. Paikkana on  vanha lossinlaituri. Kohde sopii kaikentasoisille sukeltajille. Pohja on loivaa melko kovaa  mutarinnett\u00e4. Voit sukeltaa my\u00f6s matalassa kivikossa l\u00e4hemp\u00e4n\u00e4 rantaa.  Kun l\u00e4hdet rannasta vasemmalle, v\u00e4h\u00e4n matkan p\u00e4\u00e4ss\u00e4 on polveileva  kalliojyrk\u00e4nne syvyydell\u00e4 7 &#8211; 17 m. N\u00e4kyvyys P\u00e4ij\u00e4nteelle tyypillinen  eli syvemm\u00e4ll\u00e4 tarvitset lampun.<\/li><\/ul>\n\n\n\n<h3 class=\"wp-block-heading\"><strong>Rappukallio<\/strong><\/h3>\n\n\n\n<ul class=\"wp-block-list\"><li><strong>Syvyys:&nbsp;<\/strong>0-100 m<\/li><li><strong>Vesist\u00f6:<\/strong> P\u00e4ij\u00e4nne<\/li><li><strong>Jyv\u00e4skyl\u00e4st\u00e4:<\/strong> 16 km<\/li><li><strong>Ajo-ohje<\/strong>: Veneell\u00e4 meno<\/li><li><strong>Kuvaus:<\/strong> Kohteeseen menn\u00e4\u00e4n veneell\u00e4. Rappukalliolla on komea kalliosein\u00e4m\u00e4, joka  tippuu syvyyksiin vaihtelevalla jyrkkyydell\u00e4 rappusia muodostaen.  Suomen syvimm\u00e4ss\u00e4 kohdassa syvyytt\u00e4 riitt\u00e4\u00e4, mutta sein\u00e4m\u00e4 alkaa jo  muutamasta metrist\u00e4.<\/li><\/ul>\n\n\n\n<h3 class=\"wp-block-heading\"><strong>Siikaj\u00e4rvi, Laukaa<\/strong><\/h3>\n\n\n\n<ul class=\"wp-block-list\"><li><strong>Syvyys:<\/strong> 0-12m<\/li><li><strong>Jyv\u00e4skyl\u00e4st\u00e4:<\/strong> 16 km<\/li><li><strong>Ajo-ohje<\/strong>: Laukaantielt\u00e4 Vihtavuoren liittym\u00e4st\u00e4 oikealle &#8211; huoltoasemalta vasemmalle kohti tehdasta &#8211; ennen porttia vasemmalle viitta &#8221;vedenottamo&#8221; &#8211; seuraavista risteyksist\u00e4 oikealle kunnes olet pumppaamon kopin kohdalla. Jyv\u00e4skyl\u00e4st\u00e4 ajaa n. 20 min.<\/li><li><strong>Osoite:<\/strong> Siikalantie, Laukaa<\/li><li><strong>Kuvaus:\u00a0<\/strong>Kirkas vesi, ei tarvitse lamppua. H\u00f6tt\u00f6inen mutapohja. Max. syvyys n.12 m. Pumppaamon rannasta l\u00e4htee vesiputki keskelle j\u00e4rve\u00e4, mik\u00e4 on hyv\u00e4 apu suunnistuksessa. Paljon rapuja.<\/li><\/ul>\n\n\n\n<h3 class=\"wp-block-heading\"><strong>Suolammit, Laukaa<\/strong><\/h3>\n\n\n\n<ul class=\"wp-block-list\"><li><strong>Syvyys:<\/strong> 0-11 m<\/li><li><strong>Jyv\u00e4skyl\u00e4st\u00e4:<\/strong> 35 km<\/li><li><strong>Ajo-ohje<\/strong>:<\/li><li><strong>Osoite:\u00a0<\/strong>Valkolantie 820, Laukaa<\/li><li><strong>Kuvaus:\u00a0<\/strong>Jyv\u00e4skyl\u00e4st\u00e4 tullessa ensimm\u00e4inen lampi on syvempi, maksimisyvyys 12m. Pohja on vihre\u00e4n kasvuston peitossa lukuunottamatta syvint\u00e4 kohtaa, jossa on kuollut ruskea alue. Lammessa n\u00e4kyy ahvenparvia ja haukia sek\u00e4 pieni\u00e4 vesihy\u00f6nteisi\u00e4. Vesi on kirkasta, mutta kes\u00e4ll\u00e4 varsin l\u00e4mmint\u00e4. Toiseen lampeen on helppo l\u00e4hte\u00e4 sukeltamaan pienelt\u00e4 hiekkarannalta, jonne voi ajaa autolla. T\u00e4m\u00e4 lampi on viereist\u00e4 matalampi. Molemmat ovat oivia paikkoja kev\u00e4\u00e4n ensi sukelluksiin ja esim. suunnistusharjoituksiin.<\/li><\/ul>\n\n\n\n<h3 class=\"wp-block-heading\"><strong>Syv\u00e4 proomu, Kinkomaa<\/strong><\/h3>\n\n\n\n<ul class=\"wp-block-list\"><li> <strong>Syvyys:\u00a0<\/strong>25-32 m<\/li><li><strong>Vesist\u00f6:\u00a0<\/strong>P\u00e4ij\u00e4nne<\/li><li><strong>Ajo-ohje: <\/strong>Veneell\u00e4 meno<\/li><li><strong>Kuvaus:<\/strong> Syv\u00e4lle proomulle sukelletaan veneest\u00e4. Kohde on syv\u00e4 ja pime\u00e4, joten se  soveltuu kokeneemmille sukeltajille. Syvin kohta n. 32 m. 30-metrinen  proomu makaa pohjassa kyljell\u00e4\u00e4n ja ylempi kylki on noin 25 metriss\u00e4.  Proomulla tapaa yleens\u00e4 matikoita. <\/li><\/ul>\n\n\n\n<h3 class=\"wp-block-heading\"><strong>Yl\u00e4inen Liesj\u00e4rvi, J\u00e4ms\u00e4<\/strong><\/h3>\n\n\n\n<ul class=\"wp-block-list\"><li> <strong>Syvyys:<\/strong> 0-20 m<\/li><li><strong>L\u00e4hin osoite:<\/strong> Karhum\u00e4entie<\/li><li><strong>Ajo-ohje: <\/strong>Jyv\u00e4skyl\u00e4st\u00e4 noin 46 km J\u00e4ms\u00e4\u00e4 kohti, kunnes k\u00e4\u00e4nnyt\u00e4\u00e4n Juokslahdessa vasemmalle &#8217;Patajoki 5&#8217;. Ajetaan tiet\u00e4 4,6 km, k\u00e4\u00e4nnyt\u00e4\u00e4n T-risteyksest\u00e4 oikealle. Ajetaan n. 1,2 km, kunnes k\u00e4\u00e4nnyt\u00e4\u00e4n vasemmalle kohti Turkinkyl\u00e4\u00e4 (Touvilantie). T\u00e4t\u00e4 ajetaan n. 1,6 km, kunnes sikalan kohdalta (sika katolla) k\u00e4\u00e4nnyt\u00e4\u00e4n vasemmalle Karhunm\u00e4entielle. Ajetaan n. 2,3 km, kunnes k\u00e4\u00e4nnyt\u00e4\u00e4n oikealle. Ajetaan 100 m ja j\u00e4lleen k\u00e4ynn\u00f6s oikealle. T\u00e4st\u00e4 kohteeseen 600 m.<\/li><li><strong>Kuvaus:<\/strong> Kirkasvetinen j\u00e4rvi, jossa kauniita rantoja ahvenparvineen. Lamppu tarpeeton, helppo suunnistaa; ranta suoraan etel\u00e4ss\u00e4. Helppo veteenmeno, kalliota ja sorapohjaa. L\u00e4ht\u00f6paikalta oikealle sukellettaessa rantavesiss\u00e4 kivikkoa ja kaatuneita puita ja paljon ahvenia. Syksymm\u00e4ll\u00e4 syvemm\u00e4ll\u00e4 saattaa n\u00e4hd\u00e4 matikoita. J\u00e4rven keskell\u00e4 tasaista mutapohjaa. Soveltuu mainiosti my\u00f6s snorkkelisukellukseen ja junnukohteeksi.<\/li><li>Rannalla laavukatos ja nuotiopaikka.<\/li><\/ul>\n\n\n\n<h3 class=\"wp-block-heading\"><strong>Ruutana, Orivesi<\/strong><\/h3>\n\n\n\n<ul class=\"wp-block-list\"><li><strong>Syvyys:<\/strong> 0-13 m<\/li><li><strong>L\u00e4hin osoite:<\/strong> Kivip\u00e4\u00e4ntie, Orivesi<\/li><li><strong>Ajo-ohje: <\/strong>Ysitiet\u00e4 Orivedelle p\u00e4in ajettuasi seuraa viittaa Talviainen. Soratiet\u00e4 1,5 km, jonka j\u00e4lkeen viitta Ristij\u00e4rvi vasemmalla. Ristij\u00e4rventiet\u00e4 noin 8 km, jonka j\u00e4lkeen vasemmalla pieni viitta Kivip\u00e4\u00e4. Kivip\u00e4\u00e4ntiet\u00e4 noin 1,9 km. J\u00e4rvi ilmestyy vasemmalle tien viereen. <\/li><li><strong>Kuvaus:<\/strong> Kirkasvetinen j\u00e4rvi, jossa kauniita rantoja ahvenparvineen. Lamppu tarpeeton, helppo suunnistaa. Helppo veteenmeno tasaiselle kalliopohjalle. Rantojen l\u00e4heisyydess\u00e4 kauniita kaatuneita puita ja ahvenparvia, j\u00e4rven keskell\u00e4 tasaista mutapohjaa. Pohjasta l\u00f6ytyy my\u00f6s kahdessa osassa oleva patsas. Kohde soveltuu mainiosti my\u00f6s snorkkeli- ja vapaasukellukseen sek\u00e4 junnukohteeksi.<\/li><li>Rannalla nuotiopaikka.<\/li><\/ul>\n\n\n\n<figure class=\"wp-block-image is-resized\"><a href=\"https:\/\/sammakot.com\/new\/wp-content\/uploads\/2018\/12\/Kaatiala_panorama_001-e1544549034734.jpg\"><img loading=\"lazy\" decoding=\"async\" src=\"https:\/\/sammakot.com\/new\/wp-content\/uploads\/2018\/12\/Kaatiala_panorama_001-e1544549034734.jpg\" alt=\"\" width=\"649\" height=\"244\"\/><\/a><figcaption>Kaatialan avolouhos<\/figcaption><\/figure>\n","protected":false},"excerpt":{"rendered":"<p>Asuntoproomu, P\u00e4ij\u00e4nne Syvyys:\u00a012-19m Vesist\u00f6: P\u00e4ij\u00e4nne Jyv\u00e4skyl\u00e4st\u00e4: 20 km Ajo-ohje: Veneell\u00e4 meno Kuvaus: Asuntoproomu on P\u00e4ij\u00e4nteess\u00e4 S\u00e4yn\u00e4tsalon kupeessa ja sukeltaminen onnistuu parhaiten veneest\u00e4. Proomu on noin 30 m pitk\u00e4 ja 6 &hellip; <\/p>\n<p class=\"link-more\"><a href=\"https:\/\/sammakot.com\/new\/toiminta\/sukelluskohteet\/\" class=\"more-link\">Jatka lukemista<span class=\"screen-reader-text\"> &#8221;Sukelluskohteet&#8221;<\/span><\/a><\/p>\n","protected":false},"author":2,"featured_media":0,"parent":13,"menu_order":0,"comment_status":"closed","ping_status":"closed","template":"","meta":{"footnotes":""},"class_list":["post-58","page","type-page","status-publish","hentry"],"_links":{"self":[{"href":"https:\/\/sammakot.com\/new\/wp-json\/wp\/v2\/pages\/58","targetHints":{"allow":["GET"]}}],"collection":[{"href":"https:\/\/sammakot.com\/new\/wp-json\/wp\/v2\/pages"}],"about":[{"href":"https:\/\/sammakot.com\/new\/wp-json\/wp\/v2\/types\/page"}],"author":[{"embeddable":true,"href":"https:\/\/sammakot.com\/new\/wp-json\/wp\/v2\/users\/2"}],"replies":[{"embeddable":true,"href":"https:\/\/sammakot.com\/new\/wp-json\/wp\/v2\/comments?post=58"}],"version-history":[{"count":29,"href":"https:\/\/sammakot.com\/new\/wp-json\/wp\/v2\/pages\/58\/revisions"}],"predecessor-version":[{"id":500,"href":"https:\/\/sammakot.com\/new\/wp-json\/wp\/v2\/pages\/58\/revisions\/500"}],"up":[{"embeddable":true,"href":"https:\/\/sammakot.com\/new\/wp-json\/wp\/v2\/pages\/13"}],"wp:attachment":[{"href":"https:\/\/sammakot.com\/new\/wp-json\/wp\/v2\/media?parent=58"}],"curies":[{"name":"wp","href":"https:\/\/api.w.org\/{rel}","templated":true}]}}