{"id":59,"date":"2018-12-02T18:01:45","date_gmt":"2018-12-02T16:01:45","guid":{"rendered":"http:\/\/sammakot.com\/new\/?page_id=59"},"modified":"2026-03-22T13:54:45","modified_gmt":"2026-03-22T11:54:45","slug":"uimahalli","status":"publish","type":"page","link":"https:\/\/sammakot.com\/new\/toiminta\/uimahalli\/","title":{"rendered":"Uimahalli"},"content":{"rendered":"\n<p class=\"has-background has-text-align-center has-small-font-size has-very-light-gray-background-color\"><a href=\"http:\/\/sammakot.com\/new\/toiminta\/sukelluskoulutus\/\">Sukelluskoulutus<\/a> | <a href=\"http:\/\/sammakot.com\/new\/toiminta\/junnut\/\">Junnut<\/a> | <a href=\"http:\/\/sammakot.com\/new\/toiminta\/sukelluskohteet\/\">Sukelluskohteet<\/a>\u00a0| <a href=\"https:\/\/sammakot.com\/new\/toiminta\/viikkosukellukset\/\">Viikkosukellukset <\/a>| <a href=\"http:\/\/sammakot.com\/new\/toiminta\/uimahalli\/\">Uimahalli<\/a> | <a href=\"http:\/\/sammakot.com\/new\/toiminta\/seuran-tilat-ja-kalusto\/\">Tilat ja kalusto<\/a> | <a href=\"http:\/\/sammakot.com\/new\/toiminta\/leirit\/\">Leirit<\/a> <\/p>\n\n\n\n<h2 class=\"wp-block-heading\">Hallivuorot 2025 \u2013 2026 (AALTOALVARI)<\/h2>\n\n\n\n<p><strong>Vapaa-, laite- ja snorkkelisukellus:<\/strong><\/p>\n\n\n\n<p>25m hyppyallas<\/p>\n\n\n\n<p>Aika: ma 01.09.2025 &#8211; 25.05.2026 19:30 &#8211; 21:30<\/p>\n\n\n\n<p>Paitsi 06.04.2026<\/p>\n\n\n\n<p><strong>Vapaasukellus:<\/strong><\/p>\n\n\n\n<p>Muuntoallas<\/p>\n\n\n\n<p>Aika: ke 03.09.2025 &#8211; 27.05.2026 20:30 &#8211; 21:30<\/p>\n\n\n\n<p>Paitsi<\/p>\n\n\n\n<p>24.12.2025<\/p>\n\n\n\n<p>31.12.2025<\/p>\n\n\n\n<p>50m allas R3, R4, R5, R6 \/ 25m matala<\/p>\n\n\n\n<p>Aika: la 06.09.2025 &#8211; 27.12.2025 19:00 \u2013 20:00<\/p>\n\n\n\n<p>Paitsi:<\/p>\n\n\n\n<p>15.11.2025<\/p>\n\n\n\n<p>06.12.2025<\/p>\n\n\n\n<p>20.12.2025<\/p>\n\n\n\n<p>50m allas Rata 3 ja 4 \/ 50m<\/p>\n\n\n\n<p>Aika: la 03.01.2026 &#8211; 30.05.2026 19:00 &#8211; 20:00&nbsp;<\/p>\n\n\n\n<p><strong>Kuntouinti:<\/strong><\/p>\n\n\n\n<p>50m allas R5 ja R6 matala \/ 25m<\/p>\n\n\n\n<p>Aika: to 14.08.2025 &#8211; 11.12.2025 <strong>19:45<\/strong> \u2013 20:30<\/p>\n\n\n\n<p>50m allas Rata 5 \/ 50m<\/p>\n\n\n\n<p>Aika: to 08.01.2026 &#8211; 28.05.2026 <strong>19:45<\/strong> &#8211; 20:30<\/p>\n\n\n\n<p>Paitsi:<\/p>\n\n\n\n<p>30.04.2026<\/p>\n\n\n\n<p>14.05.2026<\/p>\n\n\n\n<p>Muuntoallas Rata 1 ja 2<\/p>\n\n\n\n<p>Aika: ma 18.08.2025 &#8211; 25.05.2026 19:30 \u2013 20:30<\/p>\n\n\n\n<p>Paitsi:<\/p>\n\n\n\n<p>27.10.2025<\/p>\n\n\n\n<p>03.11.2025<\/p>\n\n\n\n<p>10.11.2025<\/p>\n\n\n\n<p>17.11.2025<\/p>\n\n\n\n<p>09.03.2026<\/p>\n\n\n\n<p>16.03.2026<\/p>\n\n\n\n<p>23.03.2026<\/p>\n\n\n\n<p>30.03.2026<\/p>\n\n\n\n<p>06.04.2026<\/p>\n\n\n\n<p><strong>Juniorit:<\/strong><\/p>\n\n\n\n<p>25m hyppyallas<\/p>\n\n\n\n<p>Aika: su 07.09.2025 &#8211; 31.05.2026 12:15 &#8211; 13:45<\/p>\n\n\n\n<p>Paitsi:<\/p>\n\n\n\n<p>19.10.2025<\/p>\n\n\n\n<p>16.11.2025<\/p>\n\n\n\n<p>21.12.2025<\/p>\n\n\n\n<p>01.03.2026<\/p>\n\n\n\n<h2 class=\"wp-block-heading\">Miten saan rannekkeen<\/h2>\n\n\n\n<p>Maksa ranneke seuran tilille FI04 1045 3000 4569 12. Laita viestiksi &#8221;Ranneke J\u00e4senen Nimi&#8221;. Rannekkeen saat kuittia ja aiempaa punaista rannekettasi vastaan hallivastaavalta. Oman rannekkeen voi maksaa my\u00f6s ty\u00f6nantajan tarjoamalla ePassin, Edenredin tai SmartumPayn mobiilisovelluksella. Kaupunki lataa rannekkeet vuosittain elokuussa.<\/p>\n\n\n\n<h2 class=\"wp-block-heading\">Rannekkeiden hinnat <\/h2>\n\n\n\n<p>Junnuranneke 40 \u20ac<br>Aikuisten ranneke 120 \u20ac vuosi, 70\u20ac puoli vuotta<\/p>\n\n\n\n<p><\/p>\n\n\n\n<p><\/p>\n\n\n\n<h2 class=\"wp-block-heading\">Hallirannekkeen k\u00e4ytt\u00f6s\u00e4\u00e4nn\u00f6t<\/h2>\n\n\n\n<p><strong>Seuravuoroille p\u00e4\u00e4see vain seuran rannekkeella.<\/strong> Kun  seura maksaa hallivuorot, sis\u00e4\u00e4np\u00e4\u00e4symaksun maksaminen hallin kassalle  on p\u00e4\u00e4llekk\u00e4ist\u00e4 ja turhaa. Uimarilla tulee olla jokaisella  harjoituskerralla oma ranneke mukana. Jos ranneke poikkeuksellisesti  unohtuu kotiin, voi maksaa kertamaksun hallin kassalle.<\/p>\n\n\n\n<p><strong>Ranneke tilataan seuralta ja maksetaan seuralle. Rannekkeen voi&nbsp;lunastaa vain Sammakot ry:n&nbsp;j\u00e4sen<\/strong>. Rannekkeet anotaan ja jaetaan kauden  alussa. Uusia kausirannekkeita voi anoa my\u00f6s kesken kauden s\u00e4hk\u00f6postitse  uimahallivastaavalta tai junnut omalta junnuohjaajalta. Kauden p\u00e4\u00e4tytty\u00e4 ranneke tulee palauttaa seuralle.<\/p>\n\n\n\n<p>Ranneke on henkil\u00f6kohtainen ja<strong> k\u00e4y vain seuralle my\u00f6nnetyille allasvuoroille harjoitusaikoina<\/strong>. Uimahalli valvoo v\u00e4\u00e4rink\u00e4yt\u00f6ksi\u00e4 ja voi est\u00e4\u00e4 rannekkeen k\u00e4yt\u00f6n porteilla.<\/p>\n\n\n\n<p>Lis\u00e4tiedot hallivastaava Jukka Issakainen: uimahalli@sammakot.com<\/p>\n","protected":false},"excerpt":{"rendered":"<p>Hallivuorot 2025 \u2013 2026 (AALTOALVARI) Vapaa-, laite- ja snorkkelisukellus: 25m hyppyallas Aika: ma 01.09.2025 &#8211; 25.05.2026 19:30 &#8211; 21:30 Paitsi 06.04.2026 Vapaasukellus: Muuntoallas Aika: ke 03.09.2025 &#8211; 27.05.2026 20:30 &#8211; &hellip; <\/p>\n<p class=\"link-more\"><a href=\"https:\/\/sammakot.com\/new\/toiminta\/uimahalli\/\" class=\"more-link\">Jatka lukemista<span class=\"screen-reader-text\"> &#8221;Uimahalli&#8221;<\/span><\/a><\/p>\n","protected":false},"author":2,"featured_media":0,"parent":13,"menu_order":0,"comment_status":"closed","ping_status":"closed","template":"","meta":{"footnotes":""},"class_list":["post-59","page","type-page","status-publish","hentry"],"_links":{"self":[{"href":"https:\/\/sammakot.com\/new\/wp-json\/wp\/v2\/pages\/59","targetHints":{"allow":["GET"]}}],"collection":[{"href":"https:\/\/sammakot.com\/new\/wp-json\/wp\/v2\/pages"}],"about":[{"href":"https:\/\/sammakot.com\/new\/wp-json\/wp\/v2\/types\/page"}],"author":[{"embeddable":true,"href":"https:\/\/sammakot.com\/new\/wp-json\/wp\/v2\/users\/2"}],"replies":[{"embeddable":true,"href":"https:\/\/sammakot.com\/new\/wp-json\/wp\/v2\/comments?post=59"}],"version-history":[{"count":46,"href":"https:\/\/sammakot.com\/new\/wp-json\/wp\/v2\/pages\/59\/revisions"}],"predecessor-version":[{"id":694,"href":"https:\/\/sammakot.com\/new\/wp-json\/wp\/v2\/pages\/59\/revisions\/694"}],"up":[{"embeddable":true,"href":"https:\/\/sammakot.com\/new\/wp-json\/wp\/v2\/pages\/13"}],"wp:attachment":[{"href":"https:\/\/sammakot.com\/new\/wp-json\/wp\/v2\/media?parent=59"}],"curies":[{"name":"wp","href":"https:\/\/api.w.org\/{rel}","templated":true}]}}