{"id":60,"date":"2018-12-02T18:01:45","date_gmt":"2018-12-02T16:01:45","guid":{"rendered":"http:\/\/sammakot.com\/new\/?page_id=60"},"modified":"2022-05-30T12:49:07","modified_gmt":"2022-05-30T09:49:07","slug":"seuran-tilat-ja-kalusto","status":"publish","type":"page","link":"https:\/\/sammakot.com\/new\/toiminta\/seuran-tilat-ja-kalusto\/","title":{"rendered":"Tilat ja kalusto"},"content":{"rendered":"\n<p class=\"has-background has-text-align-center has-small-font-size has-very-light-gray-background-color\"><a href=\"http:\/\/sammakot.com\/new\/toiminta\/sukelluskoulutus\/\">Sukelluskoulutus<\/a> | <a href=\"http:\/\/sammakot.com\/new\/toiminta\/junnut\/\">Junnut<\/a> | <a href=\"http:\/\/sammakot.com\/new\/toiminta\/sukelluskohteet\/\">Sukelluskohteet<\/a>\u00a0| <a href=\"https:\/\/sammakot.com\/new\/toiminta\/viikkosukellukset\/\">Viikkosukellukset <\/a>| <a href=\"http:\/\/sammakot.com\/new\/toiminta\/uimahalli\/\">Uimahalli<\/a> | <a href=\"http:\/\/sammakot.com\/new\/toiminta\/seuran-tilat-ja-kalusto\/\">Tilat ja kalusto<\/a> | <a href=\"http:\/\/sammakot.com\/new\/toiminta\/leirit\/\">Leirit<\/a> <\/p>\n\n\n\n<h2 class=\"wp-block-heading\">Kupla<\/h2>\n\n\n\n<p>Kerhotilallamme Kuplalla j\u00e4rjestet\u00e4\u00e4n koulutuksia, kokouksia sek\u00e4 hoidetaan  ilmat\u00e4yt\u00f6t.\u00a0<\/p>\n\n\n\n<h2 class=\"wp-block-heading\">Ilmahuolto<\/h2>\n\n\n\n<p>Paineilmat\u00e4yt\u00f6t ovat seuran j\u00e4senille harrastusk\u00e4ytt\u00f6\u00f6n maksuttomia. Kompressoreita saavat k\u00e4ytt\u00e4\u00e4 ainostaan j\u00e4senet, jotka ovat saaneet koulutuksen kompressorien k\u00e4ytt\u00f6\u00f6n.\u00a0 Seuran ulkopuolisille  ilmat\u00e4yt\u00f6t maksavat 5 \u20ac\/s\u00e4ili\u00f6.<\/p>\n\n\n\n<p>Kirjaa jokainen t\u00e4ytt\u00f6 erikseen kirjanpitovihkoon. Merkitse selke\u00e4sti p\u00e4iv\u00e4m\u00e4\u00e4r\u00e4, t\u00e4ytt\u00e4j\u00e4n nimi, pullon omistaja, pullon\/pullojen numerot, katsastusvuosi, t\u00e4ytt\u00f6tilavuus, kompressorin k\u00e4ytt\u00f6tuntim\u00e4\u00e4r\u00e4 t\u00e4yt\u00f6n j\u00e4lkeen sek\u00e4 merkint\u00e4 seuran ulkopuolisen henkil\u00f6n pullon t\u00e4yt\u00f6st\u00e4. <\/p>\n\n\n\n<h3 class=\"wp-block-heading\">Kompressorit<\/h3>\n\n\n\n<ul class=\"wp-block-list\"><li>Dr\u00e4ger DK-18-300-kompressori Kuplalla<\/li><li>Leireill\u00e4 k\u00e4yt\u00f6ss\u00e4 matkakompressorit<\/li><\/ul>\n\n\n\n<h2 class=\"wp-block-heading\">Avaimet Kuplalle ja kontille<\/h2>\n\n\n\n<p>Oma avain Kuplalle anotaan johtokunnalta. Avaimen my\u00f6nt\u00e4misen edellytyksen\u00e4 on ett\u00e4 hakija on koulutettu tilojen ja kompressorin k\u00e4ytt\u00f6\u00f6n. Seuran j\u00e4rjest\u00e4\u00e4 n\u00e4it\u00e4 koulutuksia tarpeen mukaan. Avaimesta perit\u00e4\u00e4n johtokunnan vahvistama panttimaksu. Avaimen haltija vastaa henkil\u00f6kohtaisesti avaimen k\u00e4yt\u00f6st\u00e4. <\/p>\n\n\n\n<p><br><\/p>\n\n\n\n<h2 class=\"wp-block-heading\">Muu kalusto<\/h2>\n\n\n\n<p>Seuralla on k\u00e4yt\u00f6ss\u00e4\u00e4n kalustoa, jota j\u00e4senet voivat hy\u00f6dynt\u00e4\u00e4 harrastuksessaan. Ota yhteytt\u00e4 johtokuntaan, mik\u00e4li haluat lainata kalustoa. P\u00e4\u00e4s\u00e4\u00e4nt\u00f6isesti kalustoa lainataan sukellusreissuille, joihin osallistuu v\u00e4hint\u00e4\u00e4n kolme seuran j\u00e4sent\u00e4. Ulkopuolisista osallistujista tulee my\u00f6s aina ilmoittaa johtokunnalle kalustoanomusta teht\u00e4ess\u00e4.<\/p>\n\n\n\n<p>Kalustoon liittyvist\u00e4 puutteista, vaurioista katoamisista on  ilmoitettava  heti johtokunnalle.<\/p>\n\n\n\n<h3 class=\"wp-block-heading\">Sukellusv\u00e4lineet<\/h3>\n\n\n\n<ul class=\"wp-block-list\"><li>Kuusi laitepakettia ja paineilmas\u00e4ili\u00f6it\u00e4<\/li><li>Snorkkeli- ja vapaasukellusv\u00e4lineit\u00e4<\/li><li>Painoja ja parinaruja voi ostaa seuralta.<\/li><li>Uimahallilla on paljon erilaisia v\u00e4lineit\u00e4 harjoitteluun.<\/li><\/ul>\n\n\n\n<h3 class=\"wp-block-heading\">Veneet<\/h3>\n\n\n\n<ul class=\"wp-block-list\"><li>Buster L, Yamaha 50hp ja traileri<\/li><li>Bombard C5 kumivene, Tohatsu 40hp<\/li><li>Bombard kumivene, Tohatsu 50 hp<\/li><\/ul>\n\n\n\n<h3 class=\"wp-block-heading\">Muuta kalustoa<\/h3>\n\n\n\n<ul class=\"wp-block-list\"><li>Ensiapulaukku ja hapenantolaite<\/li><li>Merikortteja Suomesta ja Norjasta<\/li><li>K\u00f6ysi\u00e4 ja henkiliinoja<\/li><li>J\u00e4\u00e4sukellusvarusteita<\/li><li>Telttasauna ja lauteet<\/li><li>Sukellus-kirjoja, lehti\u00e4 ja muuta materiaalia<\/li><\/ul>\n","protected":false},"excerpt":{"rendered":"<p>Kupla Kerhotilallamme Kuplalla j\u00e4rjestet\u00e4\u00e4n koulutuksia, kokouksia sek\u00e4 hoidetaan ilmat\u00e4yt\u00f6t.\u00a0 Ilmahuolto Paineilmat\u00e4yt\u00f6t ovat seuran j\u00e4senille harrastusk\u00e4ytt\u00f6\u00f6n maksuttomia. Kompressoreita saavat k\u00e4ytt\u00e4\u00e4 ainostaan j\u00e4senet, jotka ovat saaneet koulutuksen kompressorien k\u00e4ytt\u00f6\u00f6n.\u00a0 Seuran ulkopuolisille ilmat\u00e4yt\u00f6t &hellip; <\/p>\n<p class=\"link-more\"><a href=\"https:\/\/sammakot.com\/new\/toiminta\/seuran-tilat-ja-kalusto\/\" class=\"more-link\">Jatka lukemista<span class=\"screen-reader-text\"> &#8221;Tilat ja kalusto&#8221;<\/span><\/a><\/p>\n","protected":false},"author":2,"featured_media":0,"parent":13,"menu_order":0,"comment_status":"closed","ping_status":"closed","template":"","meta":{"footnotes":""},"class_list":["post-60","page","type-page","status-publish","hentry"],"_links":{"self":[{"href":"https:\/\/sammakot.com\/new\/wp-json\/wp\/v2\/pages\/60","targetHints":{"allow":["GET"]}}],"collection":[{"href":"https:\/\/sammakot.com\/new\/wp-json\/wp\/v2\/pages"}],"about":[{"href":"https:\/\/sammakot.com\/new\/wp-json\/wp\/v2\/types\/page"}],"author":[{"embeddable":true,"href":"https:\/\/sammakot.com\/new\/wp-json\/wp\/v2\/users\/2"}],"replies":[{"embeddable":true,"href":"https:\/\/sammakot.com\/new\/wp-json\/wp\/v2\/comments?post=60"}],"version-history":[{"count":38,"href":"https:\/\/sammakot.com\/new\/wp-json\/wp\/v2\/pages\/60\/revisions"}],"predecessor-version":[{"id":605,"href":"https:\/\/sammakot.com\/new\/wp-json\/wp\/v2\/pages\/60\/revisions\/605"}],"up":[{"embeddable":true,"href":"https:\/\/sammakot.com\/new\/wp-json\/wp\/v2\/pages\/13"}],"wp:attachment":[{"href":"https:\/\/sammakot.com\/new\/wp-json\/wp\/v2\/media?parent=60"}],"curies":[{"name":"wp","href":"https:\/\/api.w.org\/{rel}","templated":true}]}}