{"id":82,"date":"2018-12-02T18:13:53","date_gmt":"2018-12-02T16:13:53","guid":{"rendered":"http:\/\/sammakot.com\/new\/?page_id=82"},"modified":"2023-02-07T22:29:02","modified_gmt":"2023-02-07T20:29:02","slug":"jaseneksi","status":"publish","type":"page","link":"https:\/\/sammakot.com\/new\/sammakot-ry\/jaseneksi\/","title":{"rendered":"J\u00e4seneksi?"},"content":{"rendered":"\n<p class=\"has-background has-small-font-size has-very-light-gray-background-color\"> <a href=\"http:\/\/sammakot.com\/new\/sammakot-ry\/jaseneksi\/\">J\u00e4seneksi<\/a> | <a href=\"http:\/\/sammakot.com\/new\/sammakot-ry\/johtokunta\/\">Organisaatio ja yhteystiedot<\/a><\/p>\n\n\n\n<h2 class=\"has-text-align-left wp-block-heading\">Miksi liitty\u00e4?<\/h2>\n\n\n\n<p>Sammakoiden j\u00e4senen\u00e4&#8230;<\/p>\n\n\n\n<ul class=\"wp-block-list\">\n<li>p\u00e4\u00e4set sukeltamaan mukavassa ja turvallisessa seurassa ohjatuissa junnuryhmiss\u00e4mme, viikkosukelluksilla, hallivuoroilla, leireill\u00e4 ja reissuilla<\/li>\n\n\n\n<li>saat maksuttoman ilmahuollon seuran kompressoreilla<\/li>\n\n\n\n<li>voit k\u00e4ytt\u00e4\u00e4 seuran venett\u00e4 ja muuta kalustoa sukellusharrastuksessasi<\/li>\n\n\n\n<li>voit ostaa edullisen hallirannekkeen seuran uimahallivuoroille<\/li>\n\n\n\n<li>saat Sukeltajaliiton j\u00e4senyyden tuomat edut mm. Sukeltaja-lehden<br><\/li>\n<\/ul>\n\n\n\n<h2 class=\"wp-block-heading\">Liity j\u00e4seneksi<\/h2>\n\n\n\n<p>Seuran j\u00e4senyys edellytt\u00e4\u00e4 aikuisj\u00e4senelt\u00e4 kansainv\u00e4list\u00e4 vapaa-, snorkkeli- tai laitesukellusluokitusta (esim. CMAS, PADI, AIDA tms.). Mik\u00e4li sinulla ei ole tarvittavaa sukelluskoulutusta, voit liitty\u00e4 koej\u00e4seneksi ja suorittaa kurssin vuoden sis\u00e4ll\u00e4. Juniorij\u00e4seneksi voit ilmoittautua aloittaessasi harrastuksen jossain seuran junnuryhm\u00e4ss\u00e4.<\/p>\n\n\n\n<p>T\u00e4yt\u00e4 j\u00e4senhakemus. J\u00e4senhakemus k\u00e4sitell\u00e4\u00e4n seuraavassa johtokunnan kokouksessa sen saapumisen j\u00e4lkeen. J\u00e4senmaksu laskutetaan Sukeltajaliitosta. Kun maksu on suoritettu, on j\u00e4senyys vahvistettu. <\/p>\n\n\n\n<p><a href=\"https:\/\/sammakot.com\/new\/jasenhakemus\/\" target=\"_blank\" rel=\"noreferrer noopener\" aria-label=\"J\u00e4senhakemukseen (opens in a new tab)\">J\u00e4senhakemukseen<\/a><\/p>\n\n\n\n<p><br><\/p>\n\n\n\n<h2 class=\"has-text-align-left wp-block-heading\">J\u00e4senmaksut 2023<\/h2>\n\n\n\n<p><strong>Aikuisj\u00e4senet 60 \u20ac vuodessa<\/strong><\/p>\n\n\n\n<ul class=\"wp-block-list\">\n<li>Olet tai t\u00e4yt\u00e4t 15 vuotta liittymisvuoden aikana.<\/li>\n<\/ul>\n\n\n\n<p><strong>Juniorij\u00e4senet 35 \u20ac vuodessa<\/strong><\/p>\n\n\n\n<ul class=\"wp-block-list\">\n<li>Olet 3 &#8211; 14 -vuotias.<\/li>\n<\/ul>\n\n\n\n<p>J\u00e4senmaksut vahvistetaan vuosittain seuran syyskokouksessa.<br><\/p>\n","protected":false},"excerpt":{"rendered":"<p>Miksi liitty\u00e4? Sammakoiden j\u00e4senen\u00e4&#8230; Liity j\u00e4seneksi Seuran j\u00e4senyys edellytt\u00e4\u00e4 aikuisj\u00e4senelt\u00e4 kansainv\u00e4list\u00e4 vapaa-, snorkkeli- tai laitesukellusluokitusta (esim. CMAS, PADI, AIDA tms.). Mik\u00e4li sinulla ei ole tarvittavaa sukelluskoulutusta, voit liitty\u00e4 koej\u00e4seneksi ja &hellip; <\/p>\n<p class=\"link-more\"><a href=\"https:\/\/sammakot.com\/new\/sammakot-ry\/jaseneksi\/\" class=\"more-link\">Jatka lukemista<span class=\"screen-reader-text\"> &#8221;J\u00e4seneksi?&#8221;<\/span><\/a><\/p>\n","protected":false},"author":3,"featured_media":0,"parent":11,"menu_order":0,"comment_status":"closed","ping_status":"closed","template":"","meta":{"footnotes":""},"class_list":["post-82","page","type-page","status-publish","hentry"],"_links":{"self":[{"href":"https:\/\/sammakot.com\/new\/wp-json\/wp\/v2\/pages\/82","targetHints":{"allow":["GET"]}}],"collection":[{"href":"https:\/\/sammakot.com\/new\/wp-json\/wp\/v2\/pages"}],"about":[{"href":"https:\/\/sammakot.com\/new\/wp-json\/wp\/v2\/types\/page"}],"author":[{"embeddable":true,"href":"https:\/\/sammakot.com\/new\/wp-json\/wp\/v2\/users\/3"}],"replies":[{"embeddable":true,"href":"https:\/\/sammakot.com\/new\/wp-json\/wp\/v2\/comments?post=82"}],"version-history":[{"count":36,"href":"https:\/\/sammakot.com\/new\/wp-json\/wp\/v2\/pages\/82\/revisions"}],"predecessor-version":[{"id":637,"href":"https:\/\/sammakot.com\/new\/wp-json\/wp\/v2\/pages\/82\/revisions\/637"}],"up":[{"embeddable":true,"href":"https:\/\/sammakot.com\/new\/wp-json\/wp\/v2\/pages\/11"}],"wp:attachment":[{"href":"https:\/\/sammakot.com\/new\/wp-json\/wp\/v2\/media?parent=82"}],"curies":[{"name":"wp","href":"https:\/\/api.w.org\/{rel}","templated":true}]}}